{"id":2763,"date":"2022-04-22T15:28:19","date_gmt":"2022-04-22T13:28:19","guid":{"rendered":"https:\/\/dev-vqf.creatives.com\/?page_id=2763"},"modified":"2023-12-15T08:12:05","modified_gmt":"2023-12-15T07:12:05","slug":"%d8%b7%d8%b1%d8%ad-%d8%b3%d8%a4%d8%a7%d9%84","status":"publish","type":"page","link":"https:\/\/www.violencequefaire.ch\/ar\/%d8%b7%d8%b1%d8%ad-%d8%b3%d8%a4%d8%a7%d9%84\/","title":{"rendered":"\u0637\u0631\u062d \u0633\u0624\u0627\u0644"},"content":{"rendered":"<div class=\"wpb-content-wrapper\"><p>[vc_row][vc_column]<section class='vqf_section_block text_n_media_block'><div class='vqf_container'><div class='vqf_row'><div class='vqf_full_col'><h2>\u0637\u0631\u062d \u0633\u0624\u0627\u0644<\/h2><\/div><div><div class='vqf_fixed_width_text'><p>\u0647\u0644 \u0623\u0646\u062a \u0636\u062d\u064a\u0629 \u0623\u0648 \u0645\u0631\u062a\u0643\u0628 \u0644\u0644\u0639\u0646\u0641 \u060c \u0623\u0648 \u062a\u0639\u0631\u0641 \u0634\u062e\u0635\u064b\u0627 \u0645\u0646 \u062d\u0648\u0644\u0643 \u064a\u062a\u0639\u0631\u0636 \u0644\u0644\u0639\u0646\u0641 \u0627\u0644\u0645\u0646\u0632\u0644\u064a\u061f \u0644\u0627 \u062a\u0645\u0643\u062b \u0648\u062d\u062f\u0643 \u0645\u0639 \u0645\u0639\u0627\u0646\u0627\u062a\u0643.<\/p><br \/>\n<p>\u0623\u0646\u062a \u062a\u0639\u064a\u0634 \u0648\u0636\u0639\u0627 \u0635\u0639\u0628\u0627 \u0648\u0645\u0624\u0644\u0645\u0627. \u062a\u0634\u0639\u0631 \u0628\u0627\u0644\u0648\u062d\u062f\u0629 \u0648\u0627\u0644\u0639\u062c\u0632. \u0647\u0644 \u0644\u062f\u064a\u0643 \u0633\u0624\u0627\u0644 \u060c \u0647\u0644 \u062a\u0641\u062a\u0642\u062f \u0627\u0644\u0645\u0639\u0644\u0648\u0645\u0627\u062a \u060c \u0623\u0648 \u062a\u0631\u064a\u062f \u0641\u0642\u0637 \u0623\u0646 \u062a\u062e\u0628\u0631\u0646\u0627 \u0628\u0645\u0627 \u062a\u0645\u0631 \u0628\u0647\u061f \u0633\u064a\u0633\u062a\u0645\u0639 \u0627\u0644\u0645\u062d\u062a\u0631\u0641\u0648\u0646 \u0630\u0648\u0648 \u0627\u0644\u062e\u0628\u0631\u0629 \u0625\u0644\u064a\u0643 \u0648\u064a\u062c\u064a\u0628\u0648\u0646 \u0639\u0644\u064a\u0643 \u0641\u064a \u0647\u0630\u0627 \u0627\u0644\u0645\u0648\u0642\u0639.<\/p><br \/>\n<p>\u064a\u0642\u0639 \u0645\u0642\u0631\u0651 \u0645\u0648\u0642\u0639 crimequefaire.ch \u0641\u064a \u0633\u0648\u064a\u0633\u0631\u0627. \u064a\u0645\u0643\u0646 \u0641\u0642\u0637 \u0644\u0645\u0633\u062a\u062e\u062f\u0645\u064a \u0627\u0644\u0625\u0646\u062a\u0631\u0646\u062a \u0627\u0644\u0645\u0642\u064a\u0645\u064a\u0646 \u0641\u064a \u0633\u0648\u064a\u0633\u0631\u0627 \u0627\u0644\u062d\u0635\u0648\u0644 \u0639\u0644\u0649 \u0627\u0633\u062a\u062c\u0627\u0628\u0629 \u0634\u062e\u0635\u064a\u0629.<\/p><br \/>\n<p>\u0644\u0644\u0639\u062b\u0648\u0631 \u0639\u0644\u0649 \u0639\u0646\u0627\u0648\u064a\u0646 \u0645\u0641\u064a\u062f\u0629 \u0641\u064a \u0641\u0631\u0646\u0633\u0627 \u060c \u064a\u0645\u0643\u0646\u0643 \u0627\u0644\u0627\u062a\u0635\u0627\u0644 \u0628\u0640\u00a0\u201c<a href=\"http:\/\/www.solidaritefemmes.org\/\" target=\"_blanc\" rel=\"noopener\">Association Solidarit\u00e9 Femmes<\/a>\u201d (\u062c\u0645\u0639\u064a\u0629 \u0627\u0644\u062a\u0636\u0627\u0645\u0646 \u0627\u0644\u0646\u0633\u0627\u0626\u064a) \u060c\u00a0<a href=\"http:\/\/www.france-victimes.fr\/\" target=\"_blanc\" rel=\"noopener\">INAVEM<\/a>\u00a0\u0623\u0648 \u0627\u0644\u0631\u0642\u0645 \u0627\u0644\u0645\u062c\u0627\u0646\u064a 3919. \u0628\u0627\u0644\u0646\u0633\u0628\u0629 \u0644\u0645\u0646 \u064a\u0631\u062a\u0643\u0628\u0648\u0646 \u0623\u0639\u0645\u0627\u0644 \u0639\u0646\u0641 \u060c \u0641\u0625\u0646\u00a0<a href=\"http:\/\/www.fnacav.fr\/\" target=\"_blanc\" rel=\"noopener\">FNACAV<\/a>\u00a0\u0645\u062a\u0627\u062d \u0644\u0644\u0645\u0633\u0627\u0639\u062f\u0629.<\/p><br \/>\n<p>\u0627\u0644\u00a0<a href=\"https:\/\/www.wave-network.org\/find-help\/\" target=\"blanc\" rel=\"noopener\">European network WAVE<\/a>\u00a0\u0645\u062a\u0627\u062d \u0623\u064a\u0636\u064b\u0627 \u0644\u0645\u0633\u0627\u0639\u062f\u062a\u0643 \u0641\u064a \u0627\u0644\u0639\u062b\u0648\u0631 \u0639\u0644\u0649 \u0645\u0639\u0644\u0648\u0645\u0627\u062a \u0627\u0644\u0627\u062a\u0635\u0627\u0644 \u0644\u0644\u0645\u0646\u0638\u0645\u0627\u062a \u0627\u0644\u0642\u0631\u064a\u0628\u0629 \u0645\u0646\u0643 \u0627\u0644\u062a\u064a \u064a\u0645\u0643\u0646\u0647\u0627 \u062a\u0642\u062f\u064a\u0645 \u0645\u0633\u0627\u0639\u062f\u0629 \u0645\u0644\u0645\u0648\u0633\u0629 \u0644\u062d\u0627\u0644\u062a\u0643 \u0625\u0630\u0627 \u0643\u0646\u062a \u062a\u0631\u063a\u0628 \u0641\u064a \u0630\u0644\u0643.<\/p><\/div><\/div><\/div><div class='vqf_accordion_block'><div class='accordion_item'><div class='accordion_header'><span class='title'>\u0646\u0635\u064a\u062d\u0629 \u0634\u062e\u0635\u064a\u0629<\/span><\/div><div class='accordion_body'><div class='acc_body_inner'><div class='vqf_fixed_width_text'><p>\u0639\u0644\u0649 \u0645\u0648\u0642\u0639 crimequefaire.ch \u060c \u064a\u0645\u0643\u0646\u0643 \u0637\u0631\u062d \u062c\u0645\u064a\u0639 \u0627\u0644\u0623\u0633\u0626\u0644\u0629 \u0627\u0644\u062a\u064a \u062a\u0647\u0645\u0643 \u0628\u0634\u0643\u0644 \u0645\u062c\u0647\u0648\u0644 \u0639\u0644\u0649 \u0627\u0644\u0623\u0634\u062e\u0627\u0635 \u0627\u0644\u0645\u062a\u062e\u0635\u0635\u064a\u0646 \u0641\u064a \u0645\u0633\u0627\u0639\u062f\u0629 \u0636\u062d\u0627\u064a\u0627 \u0648\u0645\u0631\u062a\u0643\u0628\u064a \u0627\u0644\u0639\u0646\u0641 \u0627\u0644\u0645\u0646\u0632\u0644\u064a. \u062a\u062a\u064a\u062d \u0644\u0647\u0645 \u062a\u062c\u0631\u0628\u062a\u0647\u0645 \u0641\u0647\u0645 \u0645\u062f\u0649 \u062a\u0639\u0642\u064a\u062f \u0648\u0636\u0639\u0643 \u0648\u062f\u0639\u0645\u0643. \u0633\u0648\u0641 \u062a\u062a\u0644\u0642\u0649 \u0627\u0644\u0645\u0634\u0648\u0631\u0629 \u060c \u0627\u0644\u062a\u064a \u062a\u062a\u0643\u064a\u0641 \u0645\u0639 \u0627\u0644\u0633\u064a\u0627\u0642 \u0627\u0644\u062e\u0627\u0635 \u0628\u0643.<\/p><\/div><\/div><\/div><\/div><div class='accordion_item'><div class='accordion_header'><span class='title'>\u062d\u0627\u0644\u062a\u0643 \u062a\u062d\u0638\u0649 \u0628\u0623\u0643\u0628\u0631 \u0642\u062f\u0631 \u0645\u0646 \u0627\u0644\u0627\u0647\u062a\u0645\u0627\u0645<\/span><\/div><div class='accordion_body'><div class='acc_body_inner'><div class='vqf_fixed_width_text'><p>\u0642\u062f \u062a\u0639\u062a\u0642\u062f \u0623\u0646 \u0648\u0636\u0639\u0643 \u0644\u064a\u0633 \u0633\u064a\u0626\u064b\u0627 \u0644\u0644\u063a\u0627\u064a\u0629 \u060c \u0648\u0623\u0646 \u0639\u0644\u064a\u0643 \u062a\u0631\u0643 \u0645\u0633\u0627\u062d\u0629 \u0644\u0645\u0646 \u201c\u064a\u062d\u062a\u0627\u062c\u0648\u0646 \u0625\u0644\u064a\u0647 \u062d\u0642\u064b\u0627\u201d. \u0627\u0639\u0644\u0645 \u0623\u0646 \u0648\u0636\u0639\u0643 \u0644\u0627 \u064a\u0642\u0644 \u0623\u0647\u0645\u064a\u0629 \u0639\u0646 \u0627\u0644\u0622\u062e\u0631\u064a\u0646. \u0647\u0630\u0627 \u0627\u0644\u0645\u0648\u0642\u0639 \u0644\u062c\u0645\u064a\u0639 \u0627\u0644\u0645\u062a\u0636\u0631\u0631\u064a\u0646 \u0645\u0646 \u0627\u0644\u0639\u0646\u0641 \u060c \u0644\u062f\u064a\u0646\u0627 \u0627\u0644\u0648\u0642\u062a \u0644\u0646\u062e\u0635\u0635\u0647<\/p><\/div><\/div><\/div><\/div><div class='accordion_item'><div class='accordion_header'><span class='title'>\u0623\u0646\u062a \u0645\u0647\u0627\u062c\u0631 \u0641\u064a \u0633\u0648\u064a\u0633\u0631\u0627 \u0648\u0644\u062f\u064a\u0643 \u0633\u0624\u0627\u0644 \u0642\u0627\u0646\u0648\u0646\u064a<\/span><\/div><div class='accordion_body'><div class='acc_body_inner'><div class='vqf_fixed_width_text'><p>\u200f\u0627\u0646\u062a \u0645\u0647\u0627\u062c\u0631 \u0641\u064a \u0633\u0648\u064a\u0633\u0631\u0627 \u0648 \u062a\u0639\u064a\u0634 \u0627\u0644\u0639\u0646\u0641 \u0627\u0644\u0645\u0646\u0632\u0644\u064a \u0648\u0644\u062f\u064a\u0643 \u0628\u0639\u0636 \u200f\u0627\u0644\u0627\u0633\u0626\u0644\u0629 \u0627\u0644\u0642\u0627\u0646\u0648\u0646\u064a\u0629\u061f \u0644\u0627 \u062a\u062a\u0631\u062f\u062f \u0625\u0630\u0646 \u0641\u064a \u0627\u0644\u0625\u062a\u0635\u0627\u0644 \u0628\u0646\u0627<br \/>\n<br \/>\n\u0628\u0627\u0644\u0646\u0633\u0628\u0629 \u0644\u0643\u0627\u0646\u062a\u0648\u0646 \u0628\u0631\u0646<br \/>\n\u0627\u0644\u0645\u0631\u0643\u0632 \u0627\u0644\u0627\u062c\u062a\u0645\u0627\u0639\u064a \u0627\u0644\u0628\u0631\u0648\u062a\u0633\u062a\u0627\u0646\u062a\u064a(CSP)<br \/>\ninfo@csp-beju.ch<br \/>\n\u0641\u064a \u0643\u0627\u0646\u062a\u0648\u0646 \u0641\u0631\u064a\u0628\u0648\u0631\u063a:<br \/>\nLe CCSI\/SOS \u2013 info@ccsi-fr.ch<br \/>\nCaritas \u2013 info@caritas-fr.ch<br \/>\n\u0641\u064a \u0643\u0627\u0646\u062a\u0648\u0646 \u062c\u0646\u064a\u0641:<br \/>\n\u0627\u0644\u0645\u0631\u0643\u0632 \u0627\u0644\u0627\u062c\u062a\u0645\u0627\u0639\u064a \u0627\u0644\u0628\u0631\u0648\u062a\u0633\u062a\u0627\u0646\u062a\u064a (CSP)<br \/>\ninfo@csp-ge.ch<br \/>\n\u0628\u0627\u0644\u0646\u0633\u0628\u0629 \u0644\u0643\u0627\u0646\u062a\u0648\u0646 \u062c\u0648\u0631\u0627:<br \/>\n\u0627\u0644\u0645\u0631\u0643\u0632 \u0627\u0644\u0627\u062c\u062a\u0645\u0627\u0639\u064a \u0627\u0644\u0628\u0631\u0648\u062a\u0633\u062a\u0627\u0646\u062a\u064a (CSP)<br \/>\nconsultation@csp-beju.ch<br \/>\n\u0641\u064a \u0643\u0627\u0646\u062a\u0648\u0646 \u0646\u064a\u0648 \u0634\u0627\u062a\u0644<br \/>\nCaritas \u2013 caritas.neuchatel@ne.ch<br \/>\n\u0628\u0627\u0644\u0646\u0633\u0628\u0629 \u0644\u0643\u0627\u0646\u062a\u0648\u0646 \u0641\u0627\u0644\u064a\u0647<br \/>\n:\u0627\u0644\u0645\u0631\u0643\u0632 \u0627\u0644\u0633\u0648\u064a\u0633\u0631\u064a \u0644\u0644\u0645\u0647\u0627\u062c\u0631\u064a\u0646 \u2013 csivs@bluewin.ch<br \/>\n\u0627\u0645\u0627 \u0628\u0627\u0644\u0646\u0633\u0628\u0629 \u0644\u0643\u0627\u0646\u062a\u0648\u0646 \u0641\u0648\u062f<br \/>\n\u0627\u0644\u0623\u062e\u0648\u0629 \u0628\u0627\u0644\u0645\u0631\u0643\u0632 \u200f\u0627\u0644\u0627\u062c\u062a\u0645\u0627\u0639\u064a \u0627\u0644\u0628\u0631\u0648\u062a\u0633\u062a\u0627\u0646\u062a\u064a(csp)<br \/>\nfrat@csp-vd.ch<\/p><\/div><\/div><\/div><\/div><div class='accordion_item'><div class='accordion_header'><span class='title'>\u0643\u064a\u0641\u064a\u0629 \u0637\u0631\u062d \u0627\u0644\u0633\u0624\u0627\u0644<\/span><\/div><div class='accordion_body'><div class='acc_body_inner'><div class='vqf_fixed_width_text'><p>\u0644\u0637\u0631\u062d \u0633\u0624\u0627\u0644 \u060c \u0645\u0627 \u0639\u0644\u064a\u0643 \u0633\u0648\u0649 \u0627\u0644\u062a\u0633\u062c\u064a\u0644 \u0639\u0644\u0649 \u0645\u0648\u0642\u0639\u0646\u0627 \u0628\u0627\u0633\u062a\u062e\u062f\u0627\u0645 \u0627\u0633\u0645 \u0645\u0633\u062a\u062e\u062f\u0645 \u0648\u0643\u0644\u0645\u0629 \u0645\u0631\u0648\u0631. \u0627\u0644\u062e\u062f\u0645\u0629 \u0645\u062c\u0627\u0646\u064a\u0629. \u0625\u0630\u0627 \u0644\u0645 \u064a\u0643\u0646 \u0644\u062f\u064a\u0643 \u0648\u0635\u0648\u0644 \u062d\u062a\u0649 \u0627\u0644\u0622\u0646 \u060c \u064a\u0645\u0643\u0646\u0643 \u0627\u0644\u062a\u0633\u062c\u064a\u0644 \u0641\u064a Espace Perso (\u0645\u0633\u0627\u062d\u0629 \u0634\u062e\u0635\u064a\u0629) \u0623\u062f\u0646\u0627\u0647. \u0627\u0646\u0647\u0627 \u0628\u0633\u064a\u0637\u0629 \u062c\u062f\u0627 \u0648\u0633\u0631\u064a\u0639\u0629 \u062c\u062f\u0627. \u064a\u0645\u0643\u0646\u0643 \u0628\u0639\u062f \u0630\u0644\u0643 \u0637\u0631\u062d \u0633\u0624\u0627\u0644\u0643 \u0648\u0633\u0646\u0642\u0648\u0645 \u0628\u0627\u0644\u0631\u062f \u0639\u0644\u064a\u0643 \u0641\u064a \u0623\u0641\u0636\u0644 \u0648\u0642\u062a. \u0639\u0627\u062f\u0629\u064b \u0645\u0627 \u064a\u0643\u0648\u0646 \u0648\u0642\u062a \u0627\u0644\u0631\u062f \u0644\u062f\u064a\u0646\u0627 \u062b\u0644\u0627\u062b\u0629 \u0623\u064a\u0627\u0645 \u0639\u0645\u0644 \u060c \u0648\u0645\u0639 \u0630\u0644\u0643 \u060c \u0628\u0627\u0644\u0646\u0633\u0628\u0629 \u0644\u0644\u0623\u0633\u0626\u0644\u0629 \u0628\u0644\u063a\u0627\u062a \u063a\u064a\u0631 \u0627\u0644\u0641\u0631\u0646\u0633\u064a\u0629 \u060c \u0641\u0642\u062f \u064a\u0633\u062a\u063a\u0631\u0642 \u0627\u0644\u0623\u0645\u0631 \u0648\u0642\u062a\u064b\u0627 \u0623\u0637\u0648\u0644 \u0642\u0644\u064a\u0644\u0627\u064b. \u0644\u0645\u0634\u0627\u0647\u062f\u0629 \u0631\u062f\u0646\u0627 \u060c \u062a\u062d\u062a\u0627\u062c \u0625\u0644\u0649 \u062a\u0633\u062c\u064a\u0644 \u0627\u0644\u062f\u062e\u0648\u0644 \u0625\u0644\u0649 \u062d\u0633\u0627\u0628\u0643 \u0628\u0627\u0633\u062a\u062e\u062f\u0627\u0645 \u0627\u0633\u0645 \u0627\u0644\u0645\u0633\u062a\u062e\u062f\u0645 \u0627\u0644\u062e\u0627\u0635 \u0628\u0643 \u062b\u0645 \u0627\u0644\u0646\u0642\u0631 \u0641\u0648\u0642 \u201cMon compte\u201d (\u062d\u0633\u0627\u0628\u064a).<\/p><\/div><\/div><\/div><\/div><div class='accordion_item'><div class='accordion_header'><span class='title'>\u064a\u0645\u0643\u0646\u0643 \u0637\u0631\u062d \u0633\u0624\u0627\u0644 \u0628\u0647\u0630\u0647 \u0627\u0644\u0644\u063a\u0627\u062a<\/span><\/div><div class='accordion_body'><div class='acc_body_inner'><div class='vqf_fixed_width_text'><p>- Deutsch \u2013 German<br \/>\n- English \u2013 English<br \/>\n- \u0627\u0644\u0644\u063a\u0629 \u0627\u0644\u0639\u0631\u0628\u064a\u0629- Arabic<br \/>\n- Espa\u00f1ol \u2013 Spanish<br \/>\n- Italiano \u2013 Italian<br \/>\n- Polski \u2013 Polish<br \/>\n- Portugu\u00e9s \u2013 Portuguese<br \/>\n- Bosanski-hrvatski-srpski \u2013 Bosnian \/ Croatian \/ Serbian<br \/>\n- Soomaali \u2013 Somali<br \/>\n- \u0ba4\u0bae\u0bbf\u0bb4\u0bcd \u2013 Tamil<br \/>\n- T\u00fcrk\u00e7e \u2013 Turkish<\/p><\/div><\/div><\/div><\/div><\/div><\/div><\/section>[\/vc_column][\/vc_row]<\/p>\n<\/div>","protected":false},"excerpt":{"rendered":"<p>[vc_row][vc_column][\/vc_column][\/vc_row]<\/p>\n","protected":false},"author":16,"featured_media":0,"parent":0,"menu_order":0,"comment_status":"closed","ping_status":"closed","template":"","meta":{"_acf_changed":false,"footnotes":""},"class_list":["post-2763","page","type-page","status-publish","hentry"],"acf":[],"yoast_head":"<!-- This site is optimized with the Yoast SEO plugin v27.3 - https:\/\/yoast.com\/product\/yoast-seo-wordpress\/ -->\n<title>\u0637\u0631\u062d \u0633\u0624\u0627\u0644 &#8226; Violence que faire ?<\/title>\n<meta name=\"robots\" content=\"index, follow, max-snippet:-1, max-image-preview:large, max-video-preview:-1\" \/>\n<link rel=\"canonical\" href=\"https:\/\/www.violencequefaire.ch\/ar\/%d8%b7%d8%b1%d8%ad-%d8%b3%d8%a4%d8%a7%d9%84\/\" \/>\n<meta property=\"og:locale\" content=\"ar_AR\" \/>\n<meta property=\"og:type\" content=\"article\" \/>\n<meta property=\"og:title\" content=\"\u0637\u0631\u062d \u0633\u0624\u0627\u0644 &#8226; Violence que faire ?\" \/>\n<meta property=\"og:description\" content=\"[vc_row][vc_column][\/vc_column][\/vc_row]\" \/>\n<meta property=\"og:url\" content=\"https:\/\/www.violencequefaire.ch\/ar\/%d8%b7%d8%b1%d8%ad-%d8%b3%d8%a4%d8%a7%d9%84\/\" \/>\n<meta property=\"og:site_name\" content=\"Violence que faire ?\" \/>\n<meta property=\"article:modified_time\" content=\"2023-12-15T07:12:05+00:00\" \/>\n<meta name=\"twitter:card\" content=\"summary_large_image\" \/>\n<meta name=\"twitter:label1\" content=\"\u0648\u0642\u062a \u0627\u0644\u0642\u0631\u0627\u0621\u0629 \u0627\u0644\u0645\u064f\u0642\u062f\u0651\u0631\" \/>\n\t<meta name=\"twitter:data1\" content=\"1 \u062f\u0642\u064a\u0642\u0629\" \/>\n<script type=\"application\/ld+json\" class=\"yoast-schema-graph\">{\"@context\":\"https:\\\/\\\/schema.org\",\"@graph\":[{\"@type\":\"WebPage\",\"@id\":\"https:\\\/\\\/www.violencequefaire.ch\\\/ar\\\/%d8%b7%d8%b1%d8%ad-%d8%b3%d8%a4%d8%a7%d9%84\\\/\",\"url\":\"https:\\\/\\\/www.violencequefaire.ch\\\/ar\\\/%d8%b7%d8%b1%d8%ad-%d8%b3%d8%a4%d8%a7%d9%84\\\/\",\"name\":\"\u0637\u0631\u062d \u0633\u0624\u0627\u0644 &#8226; Violence que faire ?\",\"isPartOf\":{\"@id\":\"https:\\\/\\\/www.violencequefaire.ch\\\/ar\\\/#website\"},\"datePublished\":\"2022-04-22T13:28:19+00:00\",\"dateModified\":\"2023-12-15T07:12:05+00:00\",\"breadcrumb\":{\"@id\":\"https:\\\/\\\/www.violencequefaire.ch\\\/ar\\\/%d8%b7%d8%b1%d8%ad-%d8%b3%d8%a4%d8%a7%d9%84\\\/#breadcrumb\"},\"inLanguage\":\"ar\",\"potentialAction\":[{\"@type\":\"ReadAction\",\"target\":[\"https:\\\/\\\/www.violencequefaire.ch\\\/ar\\\/%d8%b7%d8%b1%d8%ad-%d8%b3%d8%a4%d8%a7%d9%84\\\/\"]}]},{\"@type\":\"BreadcrumbList\",\"@id\":\"https:\\\/\\\/www.violencequefaire.ch\\\/ar\\\/%d8%b7%d8%b1%d8%ad-%d8%b3%d8%a4%d8%a7%d9%84\\\/#breadcrumb\",\"itemListElement\":[{\"@type\":\"ListItem\",\"position\":1,\"name\":\"Home\",\"item\":\"https:\\\/\\\/www.violencequefaire.ch\\\/ar\\\/\"},{\"@type\":\"ListItem\",\"position\":2,\"name\":\"\u0637\u0631\u062d \u0633\u0624\u0627\u0644\"}]},{\"@type\":\"WebSite\",\"@id\":\"https:\\\/\\\/www.violencequefaire.ch\\\/ar\\\/#website\",\"url\":\"https:\\\/\\\/www.violencequefaire.ch\\\/ar\\\/\",\"name\":\"Violence que faire\",\"description\":\"Des sp\u00e9cialistes r\u00e9pondent personnellement \u00e0 vos questions anonymes sur la violence au sein du couple.\",\"publisher\":{\"@id\":\"https:\\\/\\\/www.violencequefaire.ch\\\/ar\\\/#organization\"},\"alternateName\":\"Violenza Cosa Fare\",\"potentialAction\":[{\"@type\":\"SearchAction\",\"target\":{\"@type\":\"EntryPoint\",\"urlTemplate\":\"https:\\\/\\\/www.violencequefaire.ch\\\/ar\\\/?s={search_term_string}\"},\"query-input\":{\"@type\":\"PropertyValueSpecification\",\"valueRequired\":true,\"valueName\":\"search_term_string\"}}],\"inLanguage\":\"ar\"},{\"@type\":\"Organization\",\"@id\":\"https:\\\/\\\/www.violencequefaire.ch\\\/ar\\\/#organization\",\"name\":\"Violence que faire ?\",\"url\":\"https:\\\/\\\/www.violencequefaire.ch\\\/ar\\\/\",\"logo\":{\"@type\":\"ImageObject\",\"inLanguage\":\"ar\",\"@id\":\"https:\\\/\\\/www.violencequefaire.ch\\\/ar\\\/#\\\/schema\\\/logo\\\/image\\\/\",\"url\":\"https:\\\/\\\/www.violencequefaire.ch\\\/wp-content\\\/uploads\\\/2022\\\/04\\\/VQF_LOGO_neutre.jpg\",\"contentUrl\":\"https:\\\/\\\/www.violencequefaire.ch\\\/wp-content\\\/uploads\\\/2022\\\/04\\\/VQF_LOGO_neutre.jpg\",\"width\":253,\"height\":376,\"caption\":\"Violence que faire ?\"},\"image\":{\"@id\":\"https:\\\/\\\/www.violencequefaire.ch\\\/ar\\\/#\\\/schema\\\/logo\\\/image\\\/\"}}]}<\/script>\n<!-- \/ Yoast SEO plugin. -->","yoast_head_json":{"title":"\u0637\u0631\u062d \u0633\u0624\u0627\u0644 &#8226; Violence que faire ?","robots":{"index":"index","follow":"follow","max-snippet":"max-snippet:-1","max-image-preview":"max-image-preview:large","max-video-preview":"max-video-preview:-1"},"canonical":"https:\/\/www.violencequefaire.ch\/ar\/%d8%b7%d8%b1%d8%ad-%d8%b3%d8%a4%d8%a7%d9%84\/","og_locale":"ar_AR","og_type":"article","og_title":"\u0637\u0631\u062d \u0633\u0624\u0627\u0644 &#8226; Violence que faire ?","og_description":"[vc_row][vc_column][\/vc_column][\/vc_row]","og_url":"https:\/\/www.violencequefaire.ch\/ar\/%d8%b7%d8%b1%d8%ad-%d8%b3%d8%a4%d8%a7%d9%84\/","og_site_name":"Violence que faire ?","article_modified_time":"2023-12-15T07:12:05+00:00","twitter_card":"summary_large_image","twitter_misc":{"\u0648\u0642\u062a \u0627\u0644\u0642\u0631\u0627\u0621\u0629 \u0627\u0644\u0645\u064f\u0642\u062f\u0651\u0631":"1 \u062f\u0642\u064a\u0642\u0629"},"schema":{"@context":"https:\/\/schema.org","@graph":[{"@type":"WebPage","@id":"https:\/\/www.violencequefaire.ch\/ar\/%d8%b7%d8%b1%d8%ad-%d8%b3%d8%a4%d8%a7%d9%84\/","url":"https:\/\/www.violencequefaire.ch\/ar\/%d8%b7%d8%b1%d8%ad-%d8%b3%d8%a4%d8%a7%d9%84\/","name":"\u0637\u0631\u062d \u0633\u0624\u0627\u0644 &#8226; Violence que faire ?","isPartOf":{"@id":"https:\/\/www.violencequefaire.ch\/ar\/#website"},"datePublished":"2022-04-22T13:28:19+00:00","dateModified":"2023-12-15T07:12:05+00:00","breadcrumb":{"@id":"https:\/\/www.violencequefaire.ch\/ar\/%d8%b7%d8%b1%d8%ad-%d8%b3%d8%a4%d8%a7%d9%84\/#breadcrumb"},"inLanguage":"ar","potentialAction":[{"@type":"ReadAction","target":["https:\/\/www.violencequefaire.ch\/ar\/%d8%b7%d8%b1%d8%ad-%d8%b3%d8%a4%d8%a7%d9%84\/"]}]},{"@type":"BreadcrumbList","@id":"https:\/\/www.violencequefaire.ch\/ar\/%d8%b7%d8%b1%d8%ad-%d8%b3%d8%a4%d8%a7%d9%84\/#breadcrumb","itemListElement":[{"@type":"ListItem","position":1,"name":"Home","item":"https:\/\/www.violencequefaire.ch\/ar\/"},{"@type":"ListItem","position":2,"name":"\u0637\u0631\u062d \u0633\u0624\u0627\u0644"}]},{"@type":"WebSite","@id":"https:\/\/www.violencequefaire.ch\/ar\/#website","url":"https:\/\/www.violencequefaire.ch\/ar\/","name":"Violence que faire","description":"Des sp\u00e9cialistes r\u00e9pondent personnellement \u00e0 vos questions anonymes sur la violence au sein du couple.","publisher":{"@id":"https:\/\/www.violencequefaire.ch\/ar\/#organization"},"alternateName":"Violenza Cosa Fare","potentialAction":[{"@type":"SearchAction","target":{"@type":"EntryPoint","urlTemplate":"https:\/\/www.violencequefaire.ch\/ar\/?s={search_term_string}"},"query-input":{"@type":"PropertyValueSpecification","valueRequired":true,"valueName":"search_term_string"}}],"inLanguage":"ar"},{"@type":"Organization","@id":"https:\/\/www.violencequefaire.ch\/ar\/#organization","name":"Violence que faire ?","url":"https:\/\/www.violencequefaire.ch\/ar\/","logo":{"@type":"ImageObject","inLanguage":"ar","@id":"https:\/\/www.violencequefaire.ch\/ar\/#\/schema\/logo\/image\/","url":"https:\/\/www.violencequefaire.ch\/wp-content\/uploads\/2022\/04\/VQF_LOGO_neutre.jpg","contentUrl":"https:\/\/www.violencequefaire.ch\/wp-content\/uploads\/2022\/04\/VQF_LOGO_neutre.jpg","width":253,"height":376,"caption":"Violence que faire ?"},"image":{"@id":"https:\/\/www.violencequefaire.ch\/ar\/#\/schema\/logo\/image\/"}}]}},"_links":{"self":[{"href":"https:\/\/www.violencequefaire.ch\/ar\/wp-json\/wp\/v2\/pages\/2763","targetHints":{"allow":["GET"]}}],"collection":[{"href":"https:\/\/www.violencequefaire.ch\/ar\/wp-json\/wp\/v2\/pages"}],"about":[{"href":"https:\/\/www.violencequefaire.ch\/ar\/wp-json\/wp\/v2\/types\/page"}],"author":[{"embeddable":true,"href":"https:\/\/www.violencequefaire.ch\/ar\/wp-json\/wp\/v2\/users\/16"}],"replies":[{"embeddable":true,"href":"https:\/\/www.violencequefaire.ch\/ar\/wp-json\/wp\/v2\/comments?post=2763"}],"version-history":[{"count":5,"href":"https:\/\/www.violencequefaire.ch\/ar\/wp-json\/wp\/v2\/pages\/2763\/revisions"}],"predecessor-version":[{"id":5513,"href":"https:\/\/www.violencequefaire.ch\/ar\/wp-json\/wp\/v2\/pages\/2763\/revisions\/5513"}],"wp:attachment":[{"href":"https:\/\/www.violencequefaire.ch\/ar\/wp-json\/wp\/v2\/media?parent=2763"}],"curies":[{"name":"wp","href":"https:\/\/api.w.org\/{rel}","templated":true}]}}