{"id":2321,"date":"2022-03-24T13:23:41","date_gmt":"2022-03-24T12:23:41","guid":{"rendered":"https:\/\/dev-vqf.creatives.com\/?page_id=2321"},"modified":"2022-05-18T10:00:49","modified_gmt":"2022-05-18T08:00:49","slug":"%d9%85%d8%b3%d9%83%d9%86","status":"publish","type":"page","link":"https:\/\/www.violencequefaire.ch\/ar\/%d9%85%d8%b3%d9%83%d9%86\/","title":{"rendered":"\u0645\u0633\u0643\u0646"},"content":{"rendered":"<div class=\"wpb-content-wrapper\"><p>[vc_row el_class=&#8221;intro top-0&#8243;][vc_column][vc_row_inner equal_height=&#8221;yes&#8221;][vc_column_inner width=&#8221;7\/12&#8243;][vc_single_image image=&#8221;1244&#8243; img_size=&#8221;full&#8221;][\/vc_column_inner][vc_column_inner width=&#8221;5\/12&#8243;][vc_column_text]<\/p>\n<h2>\u0644\u064a\u0633 \u0645\u0646 \u0627\u0644\u0635\u0648\u0627\u0628 \u0623\u0628\u062f\u064b\u0627 \u062a\u062c\u0631\u0628\u0629 \u0627\u0644\u0639\u0646\u0641 \u0623\u0648 \u0627\u0633\u062a\u062e\u062f\u0627\u0645\u0647 \u060c \u0628\u063a\u0636 \u0627\u0644\u0646\u0638\u0631 \u0639\u0645\u0646 \u064a\u0643\u0648\u0646.<\/h2>\n<p>[\/vc_column_text][\/vc_column_inner][\/vc_row_inner][vc_row_inner equal_height=&#8221;yes&#8221; content_placement=&#8221;bottom&#8221; el_class=&#8221;fonce&#8221;][vc_column_inner width=&#8221;5\/12&#8243;][vc_column_text]<\/p>\n<h2>VIOLENCE QUE FAIRE \u0647\u064a \u062c\u0645\u0639\u064a\u0629 \u062a\u0647\u062f\u0641 \u0625\u0644\u0649 \u0645\u0646\u0639 \u0627\u0644\u0639\u0646\u0641 \u0627\u0644\u0623\u0633\u0631\u064a \u060c \u0648\u062a\u0642\u062f\u0645 \u0627\u0644\u0645\u0634\u0648\u0631\u0629 \u0648\u0627\u0644\u062f\u0639\u0645 \u0644\u062c\u0645\u064a\u0639 \u0627\u0644\u0645\u0639\u0646\u064a\u064a\u0646.<\/h2>\n<p>[\/vc_column_text][\/vc_column_inner][vc_column_inner width=&#8221;7\/12&#8243;][vc_single_image image=&#8221;1882&#8243; img_size=&#8221;full&#8221;][\/vc_column_inner][\/vc_row_inner][vc_row_inner el_class=&#8221;top-100&#8243;][vc_column_inner width=&#8221;1\/2&#8243;][\/vc_column_inner][vc_column_inner width=&#8221;1\/2&#8243;][\/vc_column_inner][\/vc_row_inner][\/vc_column][\/vc_row]<\/p>\n<\/div>","protected":false},"excerpt":{"rendered":"<p>[vc_row el_class=&#8221;intro top-0&#8243;][vc_column][vc_row_inner equal_height=&#8221;yes&#8221;][vc_column_inner width=&#8221;7\/12&#8243;][vc_single_image image=&#8221;1244&#8243; img_size=&#8221;full&#8221;][\/vc_column_inner][vc_column_inner width=&#8221;5\/12&#8243;][vc_column_text] \u0644\u064a\u0633 \u0645\u0646 \u0627\u0644\u0635\u0648\u0627\u0628 \u0623\u0628\u062f\u064b\u0627 \u062a\u062c\u0631\u0628\u0629 \u0627\u0644\u0639\u0646\u0641 \u0623\u0648 \u0627\u0633\u062a\u062e\u062f\u0627\u0645\u0647 \u060c \u0628\u063a\u0636 \u0627\u0644\u0646\u0638\u0631 \u0639\u0645\u0646 \u064a\u0643\u0648\u0646. [\/vc_column_text][\/vc_column_inner][\/vc_row_inner][vc_row_inner equal_height=&#8221;yes&#8221; content_placement=&#8221;bottom&#8221; el_class=&#8221;fonce&#8221;][vc_column_inner width=&#8221;5\/12&#8243;][vc_column_text] VIOLENCE QUE FAIRE \u0647\u064a [&hellip;]<\/p>\n","protected":false},"author":16,"featured_media":0,"parent":0,"menu_order":0,"comment_status":"closed","ping_status":"closed","template":"","meta":{"_acf_changed":false,"footnotes":""},"class_list":["post-2321","page","type-page","status-publish","hentry"],"acf":[],"yoast_head":"<!-- This site is optimized with the Yoast SEO plugin v27.3 - https:\/\/yoast.com\/product\/yoast-seo-wordpress\/ -->\n<title>\u0645\u0633\u0643\u0646 &#8226; Violence que faire ?<\/title>\n<meta name=\"robots\" content=\"index, follow, max-snippet:-1, max-image-preview:large, max-video-preview:-1\" \/>\n<link rel=\"canonical\" href=\"https:\/\/www.violencequefaire.ch\/ar\/%d9%85%d8%b3%d9%83%d9%86\/\" \/>\n<meta property=\"og:locale\" content=\"ar_AR\" \/>\n<meta property=\"og:type\" content=\"article\" \/>\n<meta property=\"og:title\" content=\"\u0645\u0633\u0643\u0646 &#8226; Violence que faire ?\" \/>\n<meta property=\"og:description\" content=\"[vc_row el_class=&#8221;intro top-0&#8243;][vc_column][vc_row_inner equal_height=&#8221;yes&#8221;][vc_column_inner width=&#8221;7\/12&#8243;][vc_single_image image=&#8221;1244&#8243; img_size=&#8221;full&#8221;][\/vc_column_inner][vc_column_inner width=&#8221;5\/12&#8243;][vc_column_text] \u0644\u064a\u0633 \u0645\u0646 \u0627\u0644\u0635\u0648\u0627\u0628 \u0623\u0628\u062f\u064b\u0627 \u062a\u062c\u0631\u0628\u0629 \u0627\u0644\u0639\u0646\u0641 \u0623\u0648 \u0627\u0633\u062a\u062e\u062f\u0627\u0645\u0647 \u060c \u0628\u063a\u0636 \u0627\u0644\u0646\u0638\u0631 \u0639\u0645\u0646 \u064a\u0643\u0648\u0646. [\/vc_column_text][\/vc_column_inner][\/vc_row_inner][vc_row_inner equal_height=&#8221;yes&#8221; content_placement=&#8221;bottom&#8221; el_class=&#8221;fonce&#8221;][vc_column_inner width=&#8221;5\/12&#8243;][vc_column_text] VIOLENCE QUE FAIRE \u0647\u064a [&hellip;]\" \/>\n<meta property=\"og:url\" content=\"https:\/\/www.violencequefaire.ch\/ar\/%d9%85%d8%b3%d9%83%d9%86\/\" \/>\n<meta property=\"og:site_name\" content=\"Violence que faire ?\" \/>\n<meta property=\"article:modified_time\" content=\"2022-05-18T08:00:49+00:00\" \/>\n<meta name=\"twitter:card\" content=\"summary_large_image\" \/>\n<meta name=\"twitter:label1\" content=\"\u0648\u0642\u062a \u0627\u0644\u0642\u0631\u0627\u0621\u0629 \u0627\u0644\u0645\u064f\u0642\u062f\u0651\u0631\" \/>\n\t<meta name=\"twitter:data1\" content=\"1 \u062f\u0642\u064a\u0642\u0629\" \/>\n<script type=\"application\/ld+json\" class=\"yoast-schema-graph\">{\"@context\":\"https:\\\/\\\/schema.org\",\"@graph\":[{\"@type\":\"WebPage\",\"@id\":\"https:\\\/\\\/www.violencequefaire.ch\\\/ar\\\/%d9%85%d8%b3%d9%83%d9%86\\\/\",\"url\":\"https:\\\/\\\/www.violencequefaire.ch\\\/ar\\\/%d9%85%d8%b3%d9%83%d9%86\\\/\",\"name\":\"\u0645\u0633\u0643\u0646 &#8226; Violence que faire ?\",\"isPartOf\":{\"@id\":\"https:\\\/\\\/www.violencequefaire.ch\\\/ar\\\/#website\"},\"datePublished\":\"2022-03-24T12:23:41+00:00\",\"dateModified\":\"2022-05-18T08:00:49+00:00\",\"breadcrumb\":{\"@id\":\"https:\\\/\\\/www.violencequefaire.ch\\\/ar\\\/%d9%85%d8%b3%d9%83%d9%86\\\/#breadcrumb\"},\"inLanguage\":\"ar\",\"potentialAction\":[{\"@type\":\"ReadAction\",\"target\":[\"https:\\\/\\\/www.violencequefaire.ch\\\/ar\\\/%d9%85%d8%b3%d9%83%d9%86\\\/\"]}]},{\"@type\":\"BreadcrumbList\",\"@id\":\"https:\\\/\\\/www.violencequefaire.ch\\\/ar\\\/%d9%85%d8%b3%d9%83%d9%86\\\/#breadcrumb\",\"itemListElement\":[{\"@type\":\"ListItem\",\"position\":1,\"name\":\"Home\",\"item\":\"https:\\\/\\\/www.violencequefaire.ch\\\/ar\\\/\"},{\"@type\":\"ListItem\",\"position\":2,\"name\":\"\u0645\u0633\u0643\u0646\"}]},{\"@type\":\"WebSite\",\"@id\":\"https:\\\/\\\/www.violencequefaire.ch\\\/ar\\\/#website\",\"url\":\"https:\\\/\\\/www.violencequefaire.ch\\\/ar\\\/\",\"name\":\"Violence que faire\",\"description\":\"Des sp\u00e9cialistes r\u00e9pondent personnellement \u00e0 vos questions anonymes sur la violence au sein du couple.\",\"publisher\":{\"@id\":\"https:\\\/\\\/www.violencequefaire.ch\\\/ar\\\/#organization\"},\"alternateName\":\"Violenza Cosa Fare\",\"potentialAction\":[{\"@type\":\"SearchAction\",\"target\":{\"@type\":\"EntryPoint\",\"urlTemplate\":\"https:\\\/\\\/www.violencequefaire.ch\\\/ar\\\/?s={search_term_string}\"},\"query-input\":{\"@type\":\"PropertyValueSpecification\",\"valueRequired\":true,\"valueName\":\"search_term_string\"}}],\"inLanguage\":\"ar\"},{\"@type\":\"Organization\",\"@id\":\"https:\\\/\\\/www.violencequefaire.ch\\\/ar\\\/#organization\",\"name\":\"Violence que faire ?\",\"url\":\"https:\\\/\\\/www.violencequefaire.ch\\\/ar\\\/\",\"logo\":{\"@type\":\"ImageObject\",\"inLanguage\":\"ar\",\"@id\":\"https:\\\/\\\/www.violencequefaire.ch\\\/ar\\\/#\\\/schema\\\/logo\\\/image\\\/\",\"url\":\"https:\\\/\\\/www.violencequefaire.ch\\\/wp-content\\\/uploads\\\/2022\\\/04\\\/VQF_LOGO_neutre.jpg\",\"contentUrl\":\"https:\\\/\\\/www.violencequefaire.ch\\\/wp-content\\\/uploads\\\/2022\\\/04\\\/VQF_LOGO_neutre.jpg\",\"width\":253,\"height\":376,\"caption\":\"Violence que faire ?\"},\"image\":{\"@id\":\"https:\\\/\\\/www.violencequefaire.ch\\\/ar\\\/#\\\/schema\\\/logo\\\/image\\\/\"}}]}<\/script>\n<!-- \/ Yoast SEO plugin. -->","yoast_head_json":{"title":"\u0645\u0633\u0643\u0646 &#8226; Violence que faire ?","robots":{"index":"index","follow":"follow","max-snippet":"max-snippet:-1","max-image-preview":"max-image-preview:large","max-video-preview":"max-video-preview:-1"},"canonical":"https:\/\/www.violencequefaire.ch\/ar\/%d9%85%d8%b3%d9%83%d9%86\/","og_locale":"ar_AR","og_type":"article","og_title":"\u0645\u0633\u0643\u0646 &#8226; Violence que faire ?","og_description":"[vc_row el_class=&#8221;intro top-0&#8243;][vc_column][vc_row_inner equal_height=&#8221;yes&#8221;][vc_column_inner width=&#8221;7\/12&#8243;][vc_single_image image=&#8221;1244&#8243; img_size=&#8221;full&#8221;][\/vc_column_inner][vc_column_inner width=&#8221;5\/12&#8243;][vc_column_text] \u0644\u064a\u0633 \u0645\u0646 \u0627\u0644\u0635\u0648\u0627\u0628 \u0623\u0628\u062f\u064b\u0627 \u062a\u062c\u0631\u0628\u0629 \u0627\u0644\u0639\u0646\u0641 \u0623\u0648 \u0627\u0633\u062a\u062e\u062f\u0627\u0645\u0647 \u060c \u0628\u063a\u0636 \u0627\u0644\u0646\u0638\u0631 \u0639\u0645\u0646 \u064a\u0643\u0648\u0646. [\/vc_column_text][\/vc_column_inner][\/vc_row_inner][vc_row_inner equal_height=&#8221;yes&#8221; content_placement=&#8221;bottom&#8221; el_class=&#8221;fonce&#8221;][vc_column_inner width=&#8221;5\/12&#8243;][vc_column_text] VIOLENCE QUE FAIRE \u0647\u064a [&hellip;]","og_url":"https:\/\/www.violencequefaire.ch\/ar\/%d9%85%d8%b3%d9%83%d9%86\/","og_site_name":"Violence que faire ?","article_modified_time":"2022-05-18T08:00:49+00:00","twitter_card":"summary_large_image","twitter_misc":{"\u0648\u0642\u062a \u0627\u0644\u0642\u0631\u0627\u0621\u0629 \u0627\u0644\u0645\u064f\u0642\u062f\u0651\u0631":"1 \u062f\u0642\u064a\u0642\u0629"},"schema":{"@context":"https:\/\/schema.org","@graph":[{"@type":"WebPage","@id":"https:\/\/www.violencequefaire.ch\/ar\/%d9%85%d8%b3%d9%83%d9%86\/","url":"https:\/\/www.violencequefaire.ch\/ar\/%d9%85%d8%b3%d9%83%d9%86\/","name":"\u0645\u0633\u0643\u0646 &#8226; Violence que faire ?","isPartOf":{"@id":"https:\/\/www.violencequefaire.ch\/ar\/#website"},"datePublished":"2022-03-24T12:23:41+00:00","dateModified":"2022-05-18T08:00:49+00:00","breadcrumb":{"@id":"https:\/\/www.violencequefaire.ch\/ar\/%d9%85%d8%b3%d9%83%d9%86\/#breadcrumb"},"inLanguage":"ar","potentialAction":[{"@type":"ReadAction","target":["https:\/\/www.violencequefaire.ch\/ar\/%d9%85%d8%b3%d9%83%d9%86\/"]}]},{"@type":"BreadcrumbList","@id":"https:\/\/www.violencequefaire.ch\/ar\/%d9%85%d8%b3%d9%83%d9%86\/#breadcrumb","itemListElement":[{"@type":"ListItem","position":1,"name":"Home","item":"https:\/\/www.violencequefaire.ch\/ar\/"},{"@type":"ListItem","position":2,"name":"\u0645\u0633\u0643\u0646"}]},{"@type":"WebSite","@id":"https:\/\/www.violencequefaire.ch\/ar\/#website","url":"https:\/\/www.violencequefaire.ch\/ar\/","name":"Violence que faire","description":"Des sp\u00e9cialistes r\u00e9pondent personnellement \u00e0 vos questions anonymes sur la violence au sein du couple.","publisher":{"@id":"https:\/\/www.violencequefaire.ch\/ar\/#organization"},"alternateName":"Violenza Cosa Fare","potentialAction":[{"@type":"SearchAction","target":{"@type":"EntryPoint","urlTemplate":"https:\/\/www.violencequefaire.ch\/ar\/?s={search_term_string}"},"query-input":{"@type":"PropertyValueSpecification","valueRequired":true,"valueName":"search_term_string"}}],"inLanguage":"ar"},{"@type":"Organization","@id":"https:\/\/www.violencequefaire.ch\/ar\/#organization","name":"Violence que faire ?","url":"https:\/\/www.violencequefaire.ch\/ar\/","logo":{"@type":"ImageObject","inLanguage":"ar","@id":"https:\/\/www.violencequefaire.ch\/ar\/#\/schema\/logo\/image\/","url":"https:\/\/www.violencequefaire.ch\/wp-content\/uploads\/2022\/04\/VQF_LOGO_neutre.jpg","contentUrl":"https:\/\/www.violencequefaire.ch\/wp-content\/uploads\/2022\/04\/VQF_LOGO_neutre.jpg","width":253,"height":376,"caption":"Violence que faire ?"},"image":{"@id":"https:\/\/www.violencequefaire.ch\/ar\/#\/schema\/logo\/image\/"}}]}},"_links":{"self":[{"href":"https:\/\/www.violencequefaire.ch\/ar\/wp-json\/wp\/v2\/pages\/2321","targetHints":{"allow":["GET"]}}],"collection":[{"href":"https:\/\/www.violencequefaire.ch\/ar\/wp-json\/wp\/v2\/pages"}],"about":[{"href":"https:\/\/www.violencequefaire.ch\/ar\/wp-json\/wp\/v2\/types\/page"}],"author":[{"embeddable":true,"href":"https:\/\/www.violencequefaire.ch\/ar\/wp-json\/wp\/v2\/users\/16"}],"replies":[{"embeddable":true,"href":"https:\/\/www.violencequefaire.ch\/ar\/wp-json\/wp\/v2\/comments?post=2321"}],"version-history":[{"count":7,"href":"https:\/\/www.violencequefaire.ch\/ar\/wp-json\/wp\/v2\/pages\/2321\/revisions"}],"predecessor-version":[{"id":3324,"href":"https:\/\/www.violencequefaire.ch\/ar\/wp-json\/wp\/v2\/pages\/2321\/revisions\/3324"}],"wp:attachment":[{"href":"https:\/\/www.violencequefaire.ch\/ar\/wp-json\/wp\/v2\/media?parent=2321"}],"curies":[{"name":"wp","href":"https:\/\/api.w.org\/{rel}","templated":true}]}}