{"id":2312,"date":"2022-03-25T15:04:14","date_gmt":"2022-03-25T14:04:14","guid":{"rendered":"https:\/\/dev-vqf.creatives.com\/?page_id=2312"},"modified":"2023-12-15T08:14:11","modified_gmt":"2023-12-15T07:14:11","slug":"%d8%a7%d9%84%d8%b9%d9%86%d9%81-%d8%a7%d9%84%d8%a7%d9%82%d8%aa%d8%b5%d8%a7%d8%af%d9%8a","status":"publish","type":"page","link":"https:\/\/www.violencequefaire.ch\/ar\/%d8%a7%d9%84%d8%b9%d9%86%d9%81-%d8%a7%d9%84%d8%a7%d9%82%d8%aa%d8%b5%d8%a7%d8%af%d9%8a\/","title":{"rendered":"\u0627\u0644\u0639\u0646\u0641 \u0627\u0644\u0627\u0642\u062a\u0635\u0627\u062f\u064a"},"content":{"rendered":"<div class=\"wpb-content-wrapper\"><p>[vc_row][vc_column]<section class='vqf_section_block'><div class='vqf_container'><div class='vqf_row'><div class='vqf_full_col'><h2>\u0627\u0644\u0639\u0646\u0641 \u0627\u0644\u0627\u0642\u062a\u0635\u0627\u062f\u064a<\/h2><\/div><\/div><\/div><\/section>[\/vc_column][\/vc_row][vc_row][vc_column]<section class='vqf_section_block block_background'><div class='vqf_container'><div class='vqf_row'><div class='vqf_full_col'><h2>\u062a\u0639\u0631\u064a\u0641<\/h2><div class='vqf_fixed_width_text'>\u0625\u0630\u0627 \u0643\u0627\u0646\u062a \u0627\u0644\u0636\u062d\u064a\u0629 \u062a\u0639\u0645\u0644: \u200f\u0625\u0639\u0627\u0642\u0629 \u0623\u0648 \u0627\u0644\u0642\u0636\u0627\u0621 \u0639\u0644\u0649 \u0627\u0644\u0642\u062f\u0631\u0629 \u0627\u0644\u0645\u0627\u0644\u064a\u0629\u060c \u0645\u0631\u0627\u0642\u0628\u0629 \u0627\u0644\u0645\u064a\u0632\u0627\u0646\u064a\u0629\u060c \u0639\u062f\u0645 \u0627\u0644\u0645\u0633\u0627\u0647\u0645\u0629 \u0641\u064a \u0627\u0644\u0646\u0641\u0642\u0627\u062a\u060c \u200f\u0634\u0631\u0627\u0621 \u0648\u0627\u0645\u062a\u0644\u0627\u0643 \u0627\u0644\u0623\u0634\u064a\u0627\u0621 \u062f\u0648\u0646 \u0645\u0648\u0627\u0641\u0642\u0629 \u0627\u0644\u0634\u062e\u0635\u060c \u0627\u0644\u0625\u062c\u0628\u0627\u0631 \u0639\u0644\u0649 \u062a\u0631\u0643 \u0627\u0644\u0639\u0645\u0644.<\/p>\n<p>\u0625\u0646 \u0643\u0627\u0646\u062a \u0627\u0644\u0636\u062d\u064a\u0629 \u0644\u0627 \u062a\u0639\u0645\u0644: \u200f\u0625\u0639\u0637\u0627\u0621 \u200f\u0627\u0644\u0646\u0642\u0648\u062f \u0628\u0627\u0644\u062a\u0642\u0633\u064a\u0637 \u0627\u0648 \u0623\u0639\u0637\u0627\u0621 \u0645\u0628\u0627\u0644\u063a \u063a\u064a\u0631 \u0643\u0627\u0641\u064a\u0629 \u0644\u0627\u062d\u062a\u064a\u0627\u062c\u0627\u062a \u0627\u0644\u0645\u0646\u0632\u0644\u060c \u200f\u0627\u0644\u0627\u062c\u0628\u0627\u0631 \u0639\u0644\u0649 \u0627\u0633\u062a\u0639\u0637\u0627\u0621 \u0627\u0644\u0646\u0642\u0648\u062f \u0628\u0645\u0628\u0627\u0644\u063a \u200f\u200f\u200f\u200f\u0636\u0626\u064a\u0644\u0629\u060c \u0645\u062d\u0627\u0633\u0628\u0629 \u0627\u0644\u0622\u062e\u0631 \u0639\u0644\u064a \u0643\u0644 \u062f\u0631\u0647\u0645 \u062d\u062a\u0649 \u0623\u062a\u0641\u0647 \u0627\u0644\u0645\u0634\u062a\u0631\u0648\u0627\u062a\u060c \u0639\u062f\u0645 \u0627\u0644\u0633\u0645\u0627\u062d \u0628\u0627\u0644\u0639\u0645\u0644.<\/div><\/div><\/div><\/div><\/section>[\/vc_column][\/vc_row]<\/p>\n<\/div>","protected":false},"excerpt":{"rendered":"<p>[vc_row][vc_column][\/vc_column][\/vc_row][vc_row][vc_column][\/vc_column][\/vc_row]<\/p>\n","protected":false},"author":16,"featured_media":0,"parent":0,"menu_order":0,"comment_status":"closed","ping_status":"closed","template":"templates\/Economique.php","meta":{"_acf_changed":false,"footnotes":""},"class_list":["post-2312","page","type-page","status-publish","hentry"],"acf":[],"yoast_head":"<!-- This site is optimized with the Yoast SEO plugin v27.3 - https:\/\/yoast.com\/product\/yoast-seo-wordpress\/ -->\n<title>\u0627\u0644\u0639\u0646\u0641 \u0627\u0644\u0627\u0642\u062a\u0635\u0627\u062f\u064a &#8226; Violence que faire ?<\/title>\n<meta name=\"robots\" content=\"index, follow, max-snippet:-1, max-image-preview:large, max-video-preview:-1\" \/>\n<link rel=\"canonical\" href=\"https:\/\/www.violencequefaire.ch\/ar\/%d8%a7%d9%84%d8%b9%d9%86%d9%81-%d8%a7%d9%84%d8%a7%d9%82%d8%aa%d8%b5%d8%a7%d8%af%d9%8a\/\" \/>\n<meta property=\"og:locale\" content=\"ar_AR\" \/>\n<meta property=\"og:type\" content=\"article\" \/>\n<meta property=\"og:title\" content=\"\u0627\u0644\u0639\u0646\u0641 \u0627\u0644\u0627\u0642\u062a\u0635\u0627\u062f\u064a &#8226; Violence que faire ?\" \/>\n<meta property=\"og:description\" content=\"[vc_row][vc_column][\/vc_column][\/vc_row][vc_row][vc_column][\/vc_column][\/vc_row]\" \/>\n<meta property=\"og:url\" content=\"https:\/\/www.violencequefaire.ch\/ar\/%d8%a7%d9%84%d8%b9%d9%86%d9%81-%d8%a7%d9%84%d8%a7%d9%82%d8%aa%d8%b5%d8%a7%d8%af%d9%8a\/\" \/>\n<meta property=\"og:site_name\" content=\"Violence que faire ?\" \/>\n<meta property=\"article:modified_time\" content=\"2023-12-15T07:14:11+00:00\" \/>\n<meta name=\"twitter:card\" content=\"summary_large_image\" \/>\n<meta name=\"twitter:label1\" content=\"\u0648\u0642\u062a \u0627\u0644\u0642\u0631\u0627\u0621\u0629 \u0627\u0644\u0645\u064f\u0642\u062f\u0651\u0631\" \/>\n\t<meta name=\"twitter:data1\" content=\"1 \u062f\u0642\u064a\u0642\u0629\" \/>\n<script type=\"application\/ld+json\" class=\"yoast-schema-graph\">{\"@context\":\"https:\\\/\\\/schema.org\",\"@graph\":[{\"@type\":\"WebPage\",\"@id\":\"https:\\\/\\\/www.violencequefaire.ch\\\/ar\\\/%d8%a7%d9%84%d8%b9%d9%86%d9%81-%d8%a7%d9%84%d8%a7%d9%82%d8%aa%d8%b5%d8%a7%d8%af%d9%8a\\\/\",\"url\":\"https:\\\/\\\/www.violencequefaire.ch\\\/ar\\\/%d8%a7%d9%84%d8%b9%d9%86%d9%81-%d8%a7%d9%84%d8%a7%d9%82%d8%aa%d8%b5%d8%a7%d8%af%d9%8a\\\/\",\"name\":\"\u0627\u0644\u0639\u0646\u0641 \u0627\u0644\u0627\u0642\u062a\u0635\u0627\u062f\u064a &#8226; Violence que faire ?\",\"isPartOf\":{\"@id\":\"https:\\\/\\\/www.violencequefaire.ch\\\/ar\\\/#website\"},\"datePublished\":\"2022-03-25T14:04:14+00:00\",\"dateModified\":\"2023-12-15T07:14:11+00:00\",\"breadcrumb\":{\"@id\":\"https:\\\/\\\/www.violencequefaire.ch\\\/ar\\\/%d8%a7%d9%84%d8%b9%d9%86%d9%81-%d8%a7%d9%84%d8%a7%d9%82%d8%aa%d8%b5%d8%a7%d8%af%d9%8a\\\/#breadcrumb\"},\"inLanguage\":\"ar\",\"potentialAction\":[{\"@type\":\"ReadAction\",\"target\":[\"https:\\\/\\\/www.violencequefaire.ch\\\/ar\\\/%d8%a7%d9%84%d8%b9%d9%86%d9%81-%d8%a7%d9%84%d8%a7%d9%82%d8%aa%d8%b5%d8%a7%d8%af%d9%8a\\\/\"]}]},{\"@type\":\"BreadcrumbList\",\"@id\":\"https:\\\/\\\/www.violencequefaire.ch\\\/ar\\\/%d8%a7%d9%84%d8%b9%d9%86%d9%81-%d8%a7%d9%84%d8%a7%d9%82%d8%aa%d8%b5%d8%a7%d8%af%d9%8a\\\/#breadcrumb\",\"itemListElement\":[{\"@type\":\"ListItem\",\"position\":1,\"name\":\"Home\",\"item\":\"https:\\\/\\\/www.violencequefaire.ch\\\/ar\\\/\"},{\"@type\":\"ListItem\",\"position\":2,\"name\":\"\u0627\u0644\u0639\u0646\u0641 \u0627\u0644\u0627\u0642\u062a\u0635\u0627\u062f\u064a\"}]},{\"@type\":\"WebSite\",\"@id\":\"https:\\\/\\\/www.violencequefaire.ch\\\/ar\\\/#website\",\"url\":\"https:\\\/\\\/www.violencequefaire.ch\\\/ar\\\/\",\"name\":\"Violence que faire\",\"description\":\"Des sp\u00e9cialistes r\u00e9pondent personnellement \u00e0 vos questions anonymes sur la violence au sein du couple.\",\"publisher\":{\"@id\":\"https:\\\/\\\/www.violencequefaire.ch\\\/ar\\\/#organization\"},\"alternateName\":\"Violenza Cosa Fare\",\"potentialAction\":[{\"@type\":\"SearchAction\",\"target\":{\"@type\":\"EntryPoint\",\"urlTemplate\":\"https:\\\/\\\/www.violencequefaire.ch\\\/ar\\\/?s={search_term_string}\"},\"query-input\":{\"@type\":\"PropertyValueSpecification\",\"valueRequired\":true,\"valueName\":\"search_term_string\"}}],\"inLanguage\":\"ar\"},{\"@type\":\"Organization\",\"@id\":\"https:\\\/\\\/www.violencequefaire.ch\\\/ar\\\/#organization\",\"name\":\"Violence que faire ?\",\"url\":\"https:\\\/\\\/www.violencequefaire.ch\\\/ar\\\/\",\"logo\":{\"@type\":\"ImageObject\",\"inLanguage\":\"ar\",\"@id\":\"https:\\\/\\\/www.violencequefaire.ch\\\/ar\\\/#\\\/schema\\\/logo\\\/image\\\/\",\"url\":\"https:\\\/\\\/www.violencequefaire.ch\\\/wp-content\\\/uploads\\\/2022\\\/04\\\/VQF_LOGO_neutre.jpg\",\"contentUrl\":\"https:\\\/\\\/www.violencequefaire.ch\\\/wp-content\\\/uploads\\\/2022\\\/04\\\/VQF_LOGO_neutre.jpg\",\"width\":253,\"height\":376,\"caption\":\"Violence que faire ?\"},\"image\":{\"@id\":\"https:\\\/\\\/www.violencequefaire.ch\\\/ar\\\/#\\\/schema\\\/logo\\\/image\\\/\"}}]}<\/script>\n<!-- \/ Yoast SEO plugin. -->","yoast_head_json":{"title":"\u0627\u0644\u0639\u0646\u0641 \u0627\u0644\u0627\u0642\u062a\u0635\u0627\u062f\u064a &#8226; Violence que faire ?","robots":{"index":"index","follow":"follow","max-snippet":"max-snippet:-1","max-image-preview":"max-image-preview:large","max-video-preview":"max-video-preview:-1"},"canonical":"https:\/\/www.violencequefaire.ch\/ar\/%d8%a7%d9%84%d8%b9%d9%86%d9%81-%d8%a7%d9%84%d8%a7%d9%82%d8%aa%d8%b5%d8%a7%d8%af%d9%8a\/","og_locale":"ar_AR","og_type":"article","og_title":"\u0627\u0644\u0639\u0646\u0641 \u0627\u0644\u0627\u0642\u062a\u0635\u0627\u062f\u064a &#8226; Violence que faire ?","og_description":"[vc_row][vc_column][\/vc_column][\/vc_row][vc_row][vc_column][\/vc_column][\/vc_row]","og_url":"https:\/\/www.violencequefaire.ch\/ar\/%d8%a7%d9%84%d8%b9%d9%86%d9%81-%d8%a7%d9%84%d8%a7%d9%82%d8%aa%d8%b5%d8%a7%d8%af%d9%8a\/","og_site_name":"Violence que faire ?","article_modified_time":"2023-12-15T07:14:11+00:00","twitter_card":"summary_large_image","twitter_misc":{"\u0648\u0642\u062a \u0627\u0644\u0642\u0631\u0627\u0621\u0629 \u0627\u0644\u0645\u064f\u0642\u062f\u0651\u0631":"1 \u062f\u0642\u064a\u0642\u0629"},"schema":{"@context":"https:\/\/schema.org","@graph":[{"@type":"WebPage","@id":"https:\/\/www.violencequefaire.ch\/ar\/%d8%a7%d9%84%d8%b9%d9%86%d9%81-%d8%a7%d9%84%d8%a7%d9%82%d8%aa%d8%b5%d8%a7%d8%af%d9%8a\/","url":"https:\/\/www.violencequefaire.ch\/ar\/%d8%a7%d9%84%d8%b9%d9%86%d9%81-%d8%a7%d9%84%d8%a7%d9%82%d8%aa%d8%b5%d8%a7%d8%af%d9%8a\/","name":"\u0627\u0644\u0639\u0646\u0641 \u0627\u0644\u0627\u0642\u062a\u0635\u0627\u062f\u064a &#8226; Violence que faire ?","isPartOf":{"@id":"https:\/\/www.violencequefaire.ch\/ar\/#website"},"datePublished":"2022-03-25T14:04:14+00:00","dateModified":"2023-12-15T07:14:11+00:00","breadcrumb":{"@id":"https:\/\/www.violencequefaire.ch\/ar\/%d8%a7%d9%84%d8%b9%d9%86%d9%81-%d8%a7%d9%84%d8%a7%d9%82%d8%aa%d8%b5%d8%a7%d8%af%d9%8a\/#breadcrumb"},"inLanguage":"ar","potentialAction":[{"@type":"ReadAction","target":["https:\/\/www.violencequefaire.ch\/ar\/%d8%a7%d9%84%d8%b9%d9%86%d9%81-%d8%a7%d9%84%d8%a7%d9%82%d8%aa%d8%b5%d8%a7%d8%af%d9%8a\/"]}]},{"@type":"BreadcrumbList","@id":"https:\/\/www.violencequefaire.ch\/ar\/%d8%a7%d9%84%d8%b9%d9%86%d9%81-%d8%a7%d9%84%d8%a7%d9%82%d8%aa%d8%b5%d8%a7%d8%af%d9%8a\/#breadcrumb","itemListElement":[{"@type":"ListItem","position":1,"name":"Home","item":"https:\/\/www.violencequefaire.ch\/ar\/"},{"@type":"ListItem","position":2,"name":"\u0627\u0644\u0639\u0646\u0641 \u0627\u0644\u0627\u0642\u062a\u0635\u0627\u062f\u064a"}]},{"@type":"WebSite","@id":"https:\/\/www.violencequefaire.ch\/ar\/#website","url":"https:\/\/www.violencequefaire.ch\/ar\/","name":"Violence que faire","description":"Des sp\u00e9cialistes r\u00e9pondent personnellement \u00e0 vos questions anonymes sur la violence au sein du couple.","publisher":{"@id":"https:\/\/www.violencequefaire.ch\/ar\/#organization"},"alternateName":"Violenza Cosa Fare","potentialAction":[{"@type":"SearchAction","target":{"@type":"EntryPoint","urlTemplate":"https:\/\/www.violencequefaire.ch\/ar\/?s={search_term_string}"},"query-input":{"@type":"PropertyValueSpecification","valueRequired":true,"valueName":"search_term_string"}}],"inLanguage":"ar"},{"@type":"Organization","@id":"https:\/\/www.violencequefaire.ch\/ar\/#organization","name":"Violence que faire ?","url":"https:\/\/www.violencequefaire.ch\/ar\/","logo":{"@type":"ImageObject","inLanguage":"ar","@id":"https:\/\/www.violencequefaire.ch\/ar\/#\/schema\/logo\/image\/","url":"https:\/\/www.violencequefaire.ch\/wp-content\/uploads\/2022\/04\/VQF_LOGO_neutre.jpg","contentUrl":"https:\/\/www.violencequefaire.ch\/wp-content\/uploads\/2022\/04\/VQF_LOGO_neutre.jpg","width":253,"height":376,"caption":"Violence que faire ?"},"image":{"@id":"https:\/\/www.violencequefaire.ch\/ar\/#\/schema\/logo\/image\/"}}]}},"_links":{"self":[{"href":"https:\/\/www.violencequefaire.ch\/ar\/wp-json\/wp\/v2\/pages\/2312","targetHints":{"allow":["GET"]}}],"collection":[{"href":"https:\/\/www.violencequefaire.ch\/ar\/wp-json\/wp\/v2\/pages"}],"about":[{"href":"https:\/\/www.violencequefaire.ch\/ar\/wp-json\/wp\/v2\/types\/page"}],"author":[{"embeddable":true,"href":"https:\/\/www.violencequefaire.ch\/ar\/wp-json\/wp\/v2\/users\/16"}],"replies":[{"embeddable":true,"href":"https:\/\/www.violencequefaire.ch\/ar\/wp-json\/wp\/v2\/comments?post=2312"}],"version-history":[{"count":23,"href":"https:\/\/www.violencequefaire.ch\/ar\/wp-json\/wp\/v2\/pages\/2312\/revisions"}],"predecessor-version":[{"id":5515,"href":"https:\/\/www.violencequefaire.ch\/ar\/wp-json\/wp\/v2\/pages\/2312\/revisions\/5515"}],"wp:attachment":[{"href":"https:\/\/www.violencequefaire.ch\/ar\/wp-json\/wp\/v2\/media?parent=2312"}],"curies":[{"name":"wp","href":"https:\/\/api.w.org\/{rel}","templated":true}]}}