{"id":2306,"date":"2022-03-25T15:03:20","date_gmt":"2022-03-25T14:03:20","guid":{"rendered":"https:\/\/dev-vqf.creatives.com\/?page_id=2306"},"modified":"2023-12-15T08:27:02","modified_gmt":"2023-12-15T07:27:02","slug":"%d8%a3%d9%86%d8%aa-%d9%85%d9%87%d8%a7%d8%ac%d8%b1-%d9%81%d9%8a-%d8%b3%d9%88%d9%8a%d8%b3%d8%b1%d8%a7-%d9%88%d9%84%d8%af%d9%8a%d9%83-%d8%b3%d8%a4%d8%a7%d9%84-%d9%82%d8%a7%d9%86%d9%88%d9%86%d9%8a","status":"publish","type":"page","link":"https:\/\/www.violencequefaire.ch\/ar\/%d8%a3%d9%86%d8%aa-%d9%85%d9%87%d8%a7%d8%ac%d8%b1-%d9%81%d9%8a-%d8%b3%d9%88%d9%8a%d8%b3%d8%b1%d8%a7-%d9%88%d9%84%d8%af%d9%8a%d9%83-%d8%b3%d8%a4%d8%a7%d9%84-%d9%82%d8%a7%d9%86%d9%88%d9%86%d9%8a\/","title":{"rendered":"\u0623\u0646\u062a \u0645\u0647\u0627\u062c\u0631 \u0641\u064a \u0633\u0648\u064a\u0633\u0631\u0627 \u0648\u0644\u062f\u064a\u0643 \u0633\u0624\u0627\u0644 \u0642\u0627\u0646\u0648\u0646\u064a"},"content":{"rendered":"<div class=\"wpb-content-wrapper\"><p>[vc_row][vc_column]<section class='vqf_section_block'><div class='vqf_container'><div class='vqf_row'><div class='vqf_full_col'><h2>\u0623\u0646\u062a \u0645\u0647\u0627\u062c\u0631 \u0641\u064a \u0633\u0648\u064a\u0633\u0631\u0627 \u0648\u0644\u062f\u064a\u0643 \u0633\u0624\u0627\u0644 \u0642\u0627\u0646\u0648\u0646\u064a<\/h2><\/div><\/div><\/div><\/section>[\/vc_column][\/vc_row][vc_row][vc_column]<section class='vqf_section_block block_background'><div class='vqf_container'><div class='vqf_row'><div class='vqf_full_col'><h2>\u062a\u0639\u0631\u064a\u0641<\/h2><div class='vqf_fixed_width_text'>\u0627\u0646\u062a \u0645\u0647\u0627\u062c\u0631 \u0641\u064a \u0633\u0648\u064a\u0633\u0631\u0627 \u0648 \u062a\u0639\u064a\u0634 \u0627\u0644\u0639\u0646\u0641 \u0627\u0644\u0645\u0646\u0632\u0644\u064a \u0648\u0644\u062f\u064a\u0643 \u0628\u0639\u0636 \u200f\u0627\u0644\u0627\u0633\u0626\u0644\u0629 \u0627\u0644\u0642\u0627\u0646\u0648\u0646\u064a\u0629\u061f \u0644\u0627 \u062a\u062a\u0631\u062f\u062f \u0625\u0630\u0646 \u0641\u064a \u0627\u0644\u0625\u062a\u0635\u0627\u0644 \u0628\u0646\u0627<\/p>\n<ul class=\"contact-juridiques-immigre\">\n<li>\u0628\u0627\u0644\u0646\u0633\u0628\u0629 \u0644\u0643\u0627\u0646\u062a\u0648\u0646 \u0628\u0631\u0646<br \/>\n<a href=\"https:\/\/csp.ch\/berne-jura\/\" target=\"_blanc\" rel=\"noopener\">\u0627\u0644\u0645\u0631\u0643\u0632 \u0627\u0644\u0627\u062c\u062a\u0645\u0627\u0639\u064a \u0627\u0644\u0628\u0631\u0648\u062a\u0633\u062a\u0627\u0646\u062a\u064a(CSP)<\/a><a href=\"mailto:info@%63%73p-bej%75%2ech\"><br \/>\n<\/a><a href=\"mailto:info@%63%73p-bej%75%2ech\">info@csp-beju.ch<\/a><\/li>\n<li>\u0641\u064a \u0643\u0627\u0646\u062a\u0648\u0646 \u0641\u0631\u064a\u0628\u0648\u0631\u063a:<br \/>\n<a href=\"http:\/\/ccsi-fr.ch\/fr_FR\/\" target=\"_blanc\" rel=\"noopener\">Le CCSI\/SOS<\/a><a href=\"mailto:info@%63a%72i%74as-%66r%2ech\">\u00a0\u2013\u00a0<\/a><a href=\"mailto:i%6ef%6f@cc%73%69-%66r%2ec%68\">info@ccsi-fr.ch<\/a><a href=\"mailto:info@%63a%72i%74as-%66r%2ech\"><br \/>\n<\/a><a href=\"http:\/\/www.caritas-fribourg.ch\/nous-trouver\" target=\"_blanc\" rel=\"noopener\">Caritas<\/a><a href=\"mailto:info@%63a%72i%74as-%66r%2ech\">\u00a0\u2013\u00a0<\/a><a href=\"mailto:info@%63a%72i%74as-%66r%2ech\">info@caritas-fr.ch<\/a><\/li>\n<li>\u0641\u064a \u0643\u0627\u0646\u062a\u0648\u0646 \u062c\u0646\u064a\u0641:<br \/>\n<a href=\"https:\/\/csp.ch\/geneve\/\" target=\"_blanc\" rel=\"noopener\">\u0627\u0644\u0645\u0631\u0643\u0632 \u0627\u0644\u0627\u062c\u062a\u0645\u0627\u0639\u064a \u0627\u0644\u0628\u0631\u0648\u062a\u0633\u062a\u0627\u0646\u062a\u064a (CSP)<\/a><a href=\"mailto:info@cs%70-%67e%2ech\"><br \/>\n<\/a><a href=\"mailto:info@cs%70-%67e%2ech\">info@csp-ge.ch<\/a><\/li>\n<li>\u0628\u0627\u0644\u0646\u0633\u0628\u0629 \u0644\u0643\u0627\u0646\u062a\u0648\u0646 \u062c\u0648\u0631\u0627:<br \/>\n<a href=\"https:\/\/csp.ch\/berne-jura\/\" target=\"_blanc\" rel=\"noopener\">\u0627\u0644\u0645\u0631\u0643\u0632 \u0627\u0644\u0627\u062c\u062a\u0645\u0627\u0639\u064a \u0627\u0644\u0628\u0631\u0648\u062a\u0633\u062a\u0627\u0646\u062a\u064a (CSP)<\/a><a href=\"mailto:%63onsultati%6fn@csp-b%65%6au%2ech\"><br \/>\n<\/a><a href=\"mailto:%63onsultati%6fn@csp-b%65%6au%2ech\">consultation@csp-beju.ch<\/a><\/li>\n<li>\u0641\u064a \u0643\u0627\u0646\u062a\u0648\u0646 \u0646\u064a\u0648 \u0634\u0627\u062a\u0644<br \/>\n<a href=\"https:\/\/www.caritas-neuchatel.ch\/contact\" target=\"_blanc\" rel=\"noopener\">Caritas<\/a><a href=\"mailto:c%61ritas.n%65%75c%68a%74el@%6ee%2ech\">\u00a0\u2013\u00a0<\/a><a href=\"mailto:c%61ritas.n%65%75c%68a%74el@%6ee%2ech\">caritas.neuchatel@ne.ch<\/a><\/li>\n<li>\u0628\u0627\u0644\u0646\u0633\u0628\u0629 \u0644\u0643\u0627\u0646\u062a\u0648\u0646 \u0641\u0627\u0644\u064a\u0647<br \/>\n<a href=\"http:\/\/www.csivs.ch\/permanence-juridique-et-sociale\" target=\"_blanc\" rel=\"noopener\">:\u0627\u0644\u0645\u0631\u0643\u0632 \u0627\u0644\u0633\u0648\u064a\u0633\u0631\u064a \u0644\u0644\u0645\u0647\u0627\u062c\u0631\u064a\u0646<\/a><a href=\"mailto:c%73ivs@%62lu%65w%69n%2e%63h\">\u00a0\u2013\u00a0<\/a><a href=\"mailto:c%73ivs@%62lu%65w%69n%2e%63h\">csivs@bluewin.c<\/a>h<\/li>\n<li>\u0627\u0645\u0627 \u0628\u0627\u0644\u0646\u0633\u0628\u0629 \u0644\u0643\u0627\u0646\u062a\u0648\u0646 \u0641\u0648\u062f<br \/>\n<a href=\"https:\/\/csp.ch\/vaud\/services\/questions-de-migration\/\" target=\"_blanc\" rel=\"noopener\">\u0627\u0644\u0623\u062e\u0648\u0629 \u0628\u0627\u0644\u0645\u0631\u0643\u0632 \u200f\u0627\u0644\u0627\u062c\u062a\u0645\u0627\u0639\u064a \u0627\u0644\u0628\u0631\u0648\u062a\u0633\u062a\u0627\u0646\u062a\u064a(csp)<\/a><a href=\"mailto:%66%72at@c%73%70%2dvd%2ec%68\"><br \/>\n<\/a><a href=\"mailto:%66%72at@c%73%70%2dvd%2ec%68\">frat@csp-vd.ch<\/a><\/li>\n<\/ul>\n<p><\/div><\/div><\/div><\/div><\/section>[\/vc_column][\/vc_row]<\/p>\n<\/div>","protected":false},"excerpt":{"rendered":"<p>[vc_row][vc_column][\/vc_column][\/vc_row][vc_row][vc_column][\/vc_column][\/vc_row]<\/p>\n","protected":false},"author":16,"featured_media":0,"parent":0,"menu_order":0,"comment_status":"closed","ping_status":"closed","template":"templates\/psychologique.php","meta":{"_acf_changed":false,"footnotes":""},"class_list":["post-2306","page","type-page","status-publish","hentry"],"acf":[],"yoast_head":"<!-- This site is optimized with the Yoast SEO plugin v27.3 - https:\/\/yoast.com\/product\/yoast-seo-wordpress\/ -->\n<title>\u0623\u0646\u062a \u0645\u0647\u0627\u062c\u0631 \u0641\u064a \u0633\u0648\u064a\u0633\u0631\u0627 \u0648\u0644\u062f\u064a\u0643 \u0633\u0624\u0627\u0644 \u0642\u0627\u0646\u0648\u0646\u064a &#8226; Violence que faire ?<\/title>\n<meta name=\"robots\" content=\"index, follow, max-snippet:-1, max-image-preview:large, max-video-preview:-1\" \/>\n<link rel=\"canonical\" href=\"https:\/\/www.violencequefaire.ch\/ar\/%d8%a3%d9%86%d8%aa-%d9%85%d9%87%d8%a7%d8%ac%d8%b1-%d9%81%d9%8a-%d8%b3%d9%88%d9%8a%d8%b3%d8%b1%d8%a7-%d9%88%d9%84%d8%af%d9%8a%d9%83-%d8%b3%d8%a4%d8%a7%d9%84-%d9%82%d8%a7%d9%86%d9%88%d9%86%d9%8a\/\" \/>\n<meta property=\"og:locale\" content=\"ar_AR\" \/>\n<meta property=\"og:type\" content=\"article\" \/>\n<meta property=\"og:title\" content=\"\u0623\u0646\u062a \u0645\u0647\u0627\u062c\u0631 \u0641\u064a \u0633\u0648\u064a\u0633\u0631\u0627 \u0648\u0644\u062f\u064a\u0643 \u0633\u0624\u0627\u0644 \u0642\u0627\u0646\u0648\u0646\u064a &#8226; Violence que faire ?\" \/>\n<meta property=\"og:description\" content=\"[vc_row][vc_column][\/vc_column][\/vc_row][vc_row][vc_column][\/vc_column][\/vc_row]\" \/>\n<meta property=\"og:url\" content=\"https:\/\/www.violencequefaire.ch\/ar\/%d8%a3%d9%86%d8%aa-%d9%85%d9%87%d8%a7%d8%ac%d8%b1-%d9%81%d9%8a-%d8%b3%d9%88%d9%8a%d8%b3%d8%b1%d8%a7-%d9%88%d9%84%d8%af%d9%8a%d9%83-%d8%b3%d8%a4%d8%a7%d9%84-%d9%82%d8%a7%d9%86%d9%88%d9%86%d9%8a\/\" \/>\n<meta property=\"og:site_name\" content=\"Violence que faire ?\" \/>\n<meta property=\"article:modified_time\" content=\"2023-12-15T07:27:02+00:00\" \/>\n<meta name=\"twitter:card\" content=\"summary_large_image\" \/>\n<meta name=\"twitter:label1\" content=\"\u0648\u0642\u062a \u0627\u0644\u0642\u0631\u0627\u0621\u0629 \u0627\u0644\u0645\u064f\u0642\u062f\u0651\u0631\" \/>\n\t<meta name=\"twitter:data1\" content=\"1 \u062f\u0642\u064a\u0642\u0629\" \/>\n<script type=\"application\/ld+json\" class=\"yoast-schema-graph\">{\"@context\":\"https:\\\/\\\/schema.org\",\"@graph\":[{\"@type\":\"WebPage\",\"@id\":\"https:\\\/\\\/www.violencequefaire.ch\\\/ar\\\/%d8%a3%d9%86%d8%aa-%d9%85%d9%87%d8%a7%d8%ac%d8%b1-%d9%81%d9%8a-%d8%b3%d9%88%d9%8a%d8%b3%d8%b1%d8%a7-%d9%88%d9%84%d8%af%d9%8a%d9%83-%d8%b3%d8%a4%d8%a7%d9%84-%d9%82%d8%a7%d9%86%d9%88%d9%86%d9%8a\\\/\",\"url\":\"https:\\\/\\\/www.violencequefaire.ch\\\/ar\\\/%d8%a3%d9%86%d8%aa-%d9%85%d9%87%d8%a7%d8%ac%d8%b1-%d9%81%d9%8a-%d8%b3%d9%88%d9%8a%d8%b3%d8%b1%d8%a7-%d9%88%d9%84%d8%af%d9%8a%d9%83-%d8%b3%d8%a4%d8%a7%d9%84-%d9%82%d8%a7%d9%86%d9%88%d9%86%d9%8a\\\/\",\"name\":\"\u0623\u0646\u062a \u0645\u0647\u0627\u062c\u0631 \u0641\u064a \u0633\u0648\u064a\u0633\u0631\u0627 \u0648\u0644\u062f\u064a\u0643 \u0633\u0624\u0627\u0644 \u0642\u0627\u0646\u0648\u0646\u064a &#8226; Violence que faire ?\",\"isPartOf\":{\"@id\":\"https:\\\/\\\/www.violencequefaire.ch\\\/ar\\\/#website\"},\"datePublished\":\"2022-03-25T14:03:20+00:00\",\"dateModified\":\"2023-12-15T07:27:02+00:00\",\"breadcrumb\":{\"@id\":\"https:\\\/\\\/www.violencequefaire.ch\\\/ar\\\/%d8%a3%d9%86%d8%aa-%d9%85%d9%87%d8%a7%d8%ac%d8%b1-%d9%81%d9%8a-%d8%b3%d9%88%d9%8a%d8%b3%d8%b1%d8%a7-%d9%88%d9%84%d8%af%d9%8a%d9%83-%d8%b3%d8%a4%d8%a7%d9%84-%d9%82%d8%a7%d9%86%d9%88%d9%86%d9%8a\\\/#breadcrumb\"},\"inLanguage\":\"ar\",\"potentialAction\":[{\"@type\":\"ReadAction\",\"target\":[\"https:\\\/\\\/www.violencequefaire.ch\\\/ar\\\/%d8%a3%d9%86%d8%aa-%d9%85%d9%87%d8%a7%d8%ac%d8%b1-%d9%81%d9%8a-%d8%b3%d9%88%d9%8a%d8%b3%d8%b1%d8%a7-%d9%88%d9%84%d8%af%d9%8a%d9%83-%d8%b3%d8%a4%d8%a7%d9%84-%d9%82%d8%a7%d9%86%d9%88%d9%86%d9%8a\\\/\"]}]},{\"@type\":\"BreadcrumbList\",\"@id\":\"https:\\\/\\\/www.violencequefaire.ch\\\/ar\\\/%d8%a3%d9%86%d8%aa-%d9%85%d9%87%d8%a7%d8%ac%d8%b1-%d9%81%d9%8a-%d8%b3%d9%88%d9%8a%d8%b3%d8%b1%d8%a7-%d9%88%d9%84%d8%af%d9%8a%d9%83-%d8%b3%d8%a4%d8%a7%d9%84-%d9%82%d8%a7%d9%86%d9%88%d9%86%d9%8a\\\/#breadcrumb\",\"itemListElement\":[{\"@type\":\"ListItem\",\"position\":1,\"name\":\"Home\",\"item\":\"https:\\\/\\\/www.violencequefaire.ch\\\/ar\\\/\"},{\"@type\":\"ListItem\",\"position\":2,\"name\":\"\u0623\u0646\u062a \u0645\u0647\u0627\u062c\u0631 \u0641\u064a \u0633\u0648\u064a\u0633\u0631\u0627 \u0648\u0644\u062f\u064a\u0643 \u0633\u0624\u0627\u0644 \u0642\u0627\u0646\u0648\u0646\u064a\"}]},{\"@type\":\"WebSite\",\"@id\":\"https:\\\/\\\/www.violencequefaire.ch\\\/ar\\\/#website\",\"url\":\"https:\\\/\\\/www.violencequefaire.ch\\\/ar\\\/\",\"name\":\"Violence que faire\",\"description\":\"Des sp\u00e9cialistes r\u00e9pondent personnellement \u00e0 vos questions anonymes sur la violence au sein du couple.\",\"publisher\":{\"@id\":\"https:\\\/\\\/www.violencequefaire.ch\\\/ar\\\/#organization\"},\"alternateName\":\"Violenza Cosa Fare\",\"potentialAction\":[{\"@type\":\"SearchAction\",\"target\":{\"@type\":\"EntryPoint\",\"urlTemplate\":\"https:\\\/\\\/www.violencequefaire.ch\\\/ar\\\/?s={search_term_string}\"},\"query-input\":{\"@type\":\"PropertyValueSpecification\",\"valueRequired\":true,\"valueName\":\"search_term_string\"}}],\"inLanguage\":\"ar\"},{\"@type\":\"Organization\",\"@id\":\"https:\\\/\\\/www.violencequefaire.ch\\\/ar\\\/#organization\",\"name\":\"Violence que faire ?\",\"url\":\"https:\\\/\\\/www.violencequefaire.ch\\\/ar\\\/\",\"logo\":{\"@type\":\"ImageObject\",\"inLanguage\":\"ar\",\"@id\":\"https:\\\/\\\/www.violencequefaire.ch\\\/ar\\\/#\\\/schema\\\/logo\\\/image\\\/\",\"url\":\"https:\\\/\\\/www.violencequefaire.ch\\\/wp-content\\\/uploads\\\/2022\\\/04\\\/VQF_LOGO_neutre.jpg\",\"contentUrl\":\"https:\\\/\\\/www.violencequefaire.ch\\\/wp-content\\\/uploads\\\/2022\\\/04\\\/VQF_LOGO_neutre.jpg\",\"width\":253,\"height\":376,\"caption\":\"Violence que faire ?\"},\"image\":{\"@id\":\"https:\\\/\\\/www.violencequefaire.ch\\\/ar\\\/#\\\/schema\\\/logo\\\/image\\\/\"}}]}<\/script>\n<!-- \/ Yoast SEO plugin. -->","yoast_head_json":{"title":"\u0623\u0646\u062a \u0645\u0647\u0627\u062c\u0631 \u0641\u064a \u0633\u0648\u064a\u0633\u0631\u0627 \u0648\u0644\u062f\u064a\u0643 \u0633\u0624\u0627\u0644 \u0642\u0627\u0646\u0648\u0646\u064a &#8226; Violence que faire ?","robots":{"index":"index","follow":"follow","max-snippet":"max-snippet:-1","max-image-preview":"max-image-preview:large","max-video-preview":"max-video-preview:-1"},"canonical":"https:\/\/www.violencequefaire.ch\/ar\/%d8%a3%d9%86%d8%aa-%d9%85%d9%87%d8%a7%d8%ac%d8%b1-%d9%81%d9%8a-%d8%b3%d9%88%d9%8a%d8%b3%d8%b1%d8%a7-%d9%88%d9%84%d8%af%d9%8a%d9%83-%d8%b3%d8%a4%d8%a7%d9%84-%d9%82%d8%a7%d9%86%d9%88%d9%86%d9%8a\/","og_locale":"ar_AR","og_type":"article","og_title":"\u0623\u0646\u062a \u0645\u0647\u0627\u062c\u0631 \u0641\u064a \u0633\u0648\u064a\u0633\u0631\u0627 \u0648\u0644\u062f\u064a\u0643 \u0633\u0624\u0627\u0644 \u0642\u0627\u0646\u0648\u0646\u064a &#8226; Violence que faire ?","og_description":"[vc_row][vc_column][\/vc_column][\/vc_row][vc_row][vc_column][\/vc_column][\/vc_row]","og_url":"https:\/\/www.violencequefaire.ch\/ar\/%d8%a3%d9%86%d8%aa-%d9%85%d9%87%d8%a7%d8%ac%d8%b1-%d9%81%d9%8a-%d8%b3%d9%88%d9%8a%d8%b3%d8%b1%d8%a7-%d9%88%d9%84%d8%af%d9%8a%d9%83-%d8%b3%d8%a4%d8%a7%d9%84-%d9%82%d8%a7%d9%86%d9%88%d9%86%d9%8a\/","og_site_name":"Violence que faire ?","article_modified_time":"2023-12-15T07:27:02+00:00","twitter_card":"summary_large_image","twitter_misc":{"\u0648\u0642\u062a \u0627\u0644\u0642\u0631\u0627\u0621\u0629 \u0627\u0644\u0645\u064f\u0642\u062f\u0651\u0631":"1 \u062f\u0642\u064a\u0642\u0629"},"schema":{"@context":"https:\/\/schema.org","@graph":[{"@type":"WebPage","@id":"https:\/\/www.violencequefaire.ch\/ar\/%d8%a3%d9%86%d8%aa-%d9%85%d9%87%d8%a7%d8%ac%d8%b1-%d9%81%d9%8a-%d8%b3%d9%88%d9%8a%d8%b3%d8%b1%d8%a7-%d9%88%d9%84%d8%af%d9%8a%d9%83-%d8%b3%d8%a4%d8%a7%d9%84-%d9%82%d8%a7%d9%86%d9%88%d9%86%d9%8a\/","url":"https:\/\/www.violencequefaire.ch\/ar\/%d8%a3%d9%86%d8%aa-%d9%85%d9%87%d8%a7%d8%ac%d8%b1-%d9%81%d9%8a-%d8%b3%d9%88%d9%8a%d8%b3%d8%b1%d8%a7-%d9%88%d9%84%d8%af%d9%8a%d9%83-%d8%b3%d8%a4%d8%a7%d9%84-%d9%82%d8%a7%d9%86%d9%88%d9%86%d9%8a\/","name":"\u0623\u0646\u062a \u0645\u0647\u0627\u062c\u0631 \u0641\u064a \u0633\u0648\u064a\u0633\u0631\u0627 \u0648\u0644\u062f\u064a\u0643 \u0633\u0624\u0627\u0644 \u0642\u0627\u0646\u0648\u0646\u064a &#8226; Violence que faire ?","isPartOf":{"@id":"https:\/\/www.violencequefaire.ch\/ar\/#website"},"datePublished":"2022-03-25T14:03:20+00:00","dateModified":"2023-12-15T07:27:02+00:00","breadcrumb":{"@id":"https:\/\/www.violencequefaire.ch\/ar\/%d8%a3%d9%86%d8%aa-%d9%85%d9%87%d8%a7%d8%ac%d8%b1-%d9%81%d9%8a-%d8%b3%d9%88%d9%8a%d8%b3%d8%b1%d8%a7-%d9%88%d9%84%d8%af%d9%8a%d9%83-%d8%b3%d8%a4%d8%a7%d9%84-%d9%82%d8%a7%d9%86%d9%88%d9%86%d9%8a\/#breadcrumb"},"inLanguage":"ar","potentialAction":[{"@type":"ReadAction","target":["https:\/\/www.violencequefaire.ch\/ar\/%d8%a3%d9%86%d8%aa-%d9%85%d9%87%d8%a7%d8%ac%d8%b1-%d9%81%d9%8a-%d8%b3%d9%88%d9%8a%d8%b3%d8%b1%d8%a7-%d9%88%d9%84%d8%af%d9%8a%d9%83-%d8%b3%d8%a4%d8%a7%d9%84-%d9%82%d8%a7%d9%86%d9%88%d9%86%d9%8a\/"]}]},{"@type":"BreadcrumbList","@id":"https:\/\/www.violencequefaire.ch\/ar\/%d8%a3%d9%86%d8%aa-%d9%85%d9%87%d8%a7%d8%ac%d8%b1-%d9%81%d9%8a-%d8%b3%d9%88%d9%8a%d8%b3%d8%b1%d8%a7-%d9%88%d9%84%d8%af%d9%8a%d9%83-%d8%b3%d8%a4%d8%a7%d9%84-%d9%82%d8%a7%d9%86%d9%88%d9%86%d9%8a\/#breadcrumb","itemListElement":[{"@type":"ListItem","position":1,"name":"Home","item":"https:\/\/www.violencequefaire.ch\/ar\/"},{"@type":"ListItem","position":2,"name":"\u0623\u0646\u062a \u0645\u0647\u0627\u062c\u0631 \u0641\u064a \u0633\u0648\u064a\u0633\u0631\u0627 \u0648\u0644\u062f\u064a\u0643 \u0633\u0624\u0627\u0644 \u0642\u0627\u0646\u0648\u0646\u064a"}]},{"@type":"WebSite","@id":"https:\/\/www.violencequefaire.ch\/ar\/#website","url":"https:\/\/www.violencequefaire.ch\/ar\/","name":"Violence que faire","description":"Des sp\u00e9cialistes r\u00e9pondent personnellement \u00e0 vos questions anonymes sur la violence au sein du couple.","publisher":{"@id":"https:\/\/www.violencequefaire.ch\/ar\/#organization"},"alternateName":"Violenza Cosa Fare","potentialAction":[{"@type":"SearchAction","target":{"@type":"EntryPoint","urlTemplate":"https:\/\/www.violencequefaire.ch\/ar\/?s={search_term_string}"},"query-input":{"@type":"PropertyValueSpecification","valueRequired":true,"valueName":"search_term_string"}}],"inLanguage":"ar"},{"@type":"Organization","@id":"https:\/\/www.violencequefaire.ch\/ar\/#organization","name":"Violence que faire ?","url":"https:\/\/www.violencequefaire.ch\/ar\/","logo":{"@type":"ImageObject","inLanguage":"ar","@id":"https:\/\/www.violencequefaire.ch\/ar\/#\/schema\/logo\/image\/","url":"https:\/\/www.violencequefaire.ch\/wp-content\/uploads\/2022\/04\/VQF_LOGO_neutre.jpg","contentUrl":"https:\/\/www.violencequefaire.ch\/wp-content\/uploads\/2022\/04\/VQF_LOGO_neutre.jpg","width":253,"height":376,"caption":"Violence que faire ?"},"image":{"@id":"https:\/\/www.violencequefaire.ch\/ar\/#\/schema\/logo\/image\/"}}]}},"_links":{"self":[{"href":"https:\/\/www.violencequefaire.ch\/ar\/wp-json\/wp\/v2\/pages\/2306","targetHints":{"allow":["GET"]}}],"collection":[{"href":"https:\/\/www.violencequefaire.ch\/ar\/wp-json\/wp\/v2\/pages"}],"about":[{"href":"https:\/\/www.violencequefaire.ch\/ar\/wp-json\/wp\/v2\/types\/page"}],"author":[{"embeddable":true,"href":"https:\/\/www.violencequefaire.ch\/ar\/wp-json\/wp\/v2\/users\/16"}],"replies":[{"embeddable":true,"href":"https:\/\/www.violencequefaire.ch\/ar\/wp-json\/wp\/v2\/comments?post=2306"}],"version-history":[{"count":3,"href":"https:\/\/www.violencequefaire.ch\/ar\/wp-json\/wp\/v2\/pages\/2306\/revisions"}],"predecessor-version":[{"id":5523,"href":"https:\/\/www.violencequefaire.ch\/ar\/wp-json\/wp\/v2\/pages\/2306\/revisions\/5523"}],"wp:attachment":[{"href":"https:\/\/www.violencequefaire.ch\/ar\/wp-json\/wp\/v2\/media?parent=2306"}],"curies":[{"name":"wp","href":"https:\/\/api.w.org\/{rel}","templated":true}]}}